{"id":2,"date":"2015-09-22T00:09:45","date_gmt":"2015-09-22T00:09:45","guid":{"rendered":"https:\/\/www.joseluisestevez.com\/?page_id=2"},"modified":"2018-09-05T07:56:42","modified_gmt":"2018-09-05T07:56:42","slug":"sobre-mi","status":"publish","type":"page","link":"https:\/\/www.joseluisestevez.com\/index.php\/sobre-mi\/","title":{"rendered":"Sobre mi"},"content":{"rendered":"<p>Me llamo Jos\u00e9 Luis Est\u00e9vez Prieto, soy programador senior Venezolano, aunque actualmente vivo en Espa\u00f1a tambi\u00e9n he trabajado online como freelance compartiendo experiencias con otros programadores de diversas partes del mundo.<\/p>\n<p>Soy amante de las nuevas tecnolog\u00edas, autodidacta de nacimiento con una gran pasi\u00f3n a el desarrollo, as\u00ed me gano la vida. Tengo m\u00e1s de 15 a\u00f1os de experiencia donde me he podido especializar tanto en backend, frontend y m\u00f3vil, por lo me considero programador fullstack gracias a que he podido trabajar con varios lenguajes de programaci\u00f3n.<\/p>\n<p>Me encuentro dedicado al desarrollo del sistema Predimania.<\/p>\n<p>Soy Co-Fundador y Director de Productos en la empresa\u00a0<a href=\"http:\/\/www.stricore.com\" target=\"_blank\" rel=\"noopener\">Soluciones Tricore, C.A<\/a>. \u00a0y tambi\u00e9n trabajo como freelancer\u00a0desde mi hogar.<\/p>\n<p>Soy miembro del la Fundaci\u00f3n Indesoft la cual esta dedicada a impulsar el software libre en Venezuela.<\/p>\n<p>(PLSQL\/Oracle, PLSQL\/Postgresql, Servicos Restful escritos en Java con Spring).\u00a0Front-End (HTML5, CSS3, JS, Responsive Design, Bootstrap, JQuery, Php, Symfony, Cake, J2EE, Spring)<\/p>\n<p>Tambi\u00e9n quiero comenzar a escribir\u00a0lo que he aprendiendo para de esta manera poder compartirlo en este blog y que pueda ayudar a otros en sus proyectos.<\/p>\n<p>Si te interesa lo que hago, puedes seguirme en Twitter, Google+, GitHub y Linkedin, o escribirme. Saludos!<\/p>\n","protected":false},"excerpt":{"rendered":"<p>Me llamo Jos\u00e9 Luis Est\u00e9vez Prieto, soy programador senior Venezolano, aunque actualmente vivo en Espa\u00f1a tambi\u00e9n he trabajado online como freelance compartiendo experiencias con otros programadores de diversas partes del mundo. Soy amante de las nuevas tecnolog\u00edas, autodidacta de nacimiento con una gran pasi\u00f3n a el desarrollo, as\u00ed me gano la vida. Tengo m\u00e1s de [&hellip;]<\/p>\n","protected":false},"author":1,"featured_media":0,"parent":0,"menu_order":0,"comment_status":"closed","ping_status":"open","template":"","meta":{"footnotes":""},"class_list":["post-2","page","type-page","status-publish","hentry"],"yoast_head":"<!-- This site is optimized with the Yoast SEO plugin v27.5 - https:\/\/yoast.com\/product\/yoast-seo-wordpress\/ -->\n<title>Sobre mi - El Blog de Jose Luis Estevez<\/title>\n<meta name=\"robots\" content=\"index, follow, max-snippet:-1, max-image-preview:large, max-video-preview:-1\" \/>\n<link rel=\"canonical\" href=\"https:\/\/www.joseluisestevez.com\/index.php\/sobre-mi\/\" \/>\n<meta property=\"og:locale\" content=\"es_ES\" \/>\n<meta property=\"og:type\" content=\"article\" \/>\n<meta property=\"og:title\" content=\"Sobre mi - El Blog de Jose Luis Estevez\" \/>\n<meta property=\"og:description\" content=\"Me llamo Jos\u00e9 Luis Est\u00e9vez Prieto, soy programador senior Venezolano, aunque actualmente vivo en Espa\u00f1a tambi\u00e9n he trabajado online como freelance compartiendo experiencias con otros programadores de diversas partes del mundo. Soy amante de las nuevas tecnolog\u00edas, autodidacta de nacimiento con una gran pasi\u00f3n a el desarrollo, as\u00ed me gano la vida. Tengo m\u00e1s de [&hellip;]\" \/>\n<meta property=\"og:url\" content=\"https:\/\/www.joseluisestevez.com\/index.php\/sobre-mi\/\" \/>\n<meta property=\"og:site_name\" content=\"El Blog de Jose Luis Estevez\" \/>\n<meta property=\"article:modified_time\" content=\"2018-09-05T07:56:42+00:00\" \/>\n<meta name=\"twitter:card\" content=\"summary_large_image\" \/>\n<meta name=\"twitter:label1\" content=\"Tiempo de lectura\" \/>\n\t<meta name=\"twitter:data1\" content=\"1 minuto\" \/>\n<script type=\"application\/ld+json\" class=\"yoast-schema-graph\">{\"@context\":\"https:\\\/\\\/schema.org\",\"@graph\":[{\"@type\":\"WebPage\",\"@id\":\"https:\\\/\\\/www.joseluisestevez.com\\\/index.php\\\/sobre-mi\\\/\",\"url\":\"https:\\\/\\\/www.joseluisestevez.com\\\/index.php\\\/sobre-mi\\\/\",\"name\":\"Sobre mi - El Blog de Jose Luis Estevez\",\"isPartOf\":{\"@id\":\"https:\\\/\\\/www.joseluisestevez.com\\\/#website\"},\"datePublished\":\"2015-09-22T00:09:45+00:00\",\"dateModified\":\"2018-09-05T07:56:42+00:00\",\"breadcrumb\":{\"@id\":\"https:\\\/\\\/www.joseluisestevez.com\\\/index.php\\\/sobre-mi\\\/#breadcrumb\"},\"inLanguage\":\"es\",\"potentialAction\":[{\"@type\":\"ReadAction\",\"target\":[\"https:\\\/\\\/www.joseluisestevez.com\\\/index.php\\\/sobre-mi\\\/\"]}]},{\"@type\":\"BreadcrumbList\",\"@id\":\"https:\\\/\\\/www.joseluisestevez.com\\\/index.php\\\/sobre-mi\\\/#breadcrumb\",\"itemListElement\":[{\"@type\":\"ListItem\",\"position\":1,\"name\":\"Portada\",\"item\":\"https:\\\/\\\/www.joseluisestevez.com\\\/\"},{\"@type\":\"ListItem\",\"position\":2,\"name\":\"Sobre mi\"}]},{\"@type\":\"WebSite\",\"@id\":\"https:\\\/\\\/www.joseluisestevez.com\\\/#website\",\"url\":\"https:\\\/\\\/www.joseluisestevez.com\\\/\",\"name\":\"El Blog de Jose Luis Estevez\",\"description\":\"Desarrollador Senior\",\"potentialAction\":[{\"@type\":\"SearchAction\",\"target\":{\"@type\":\"EntryPoint\",\"urlTemplate\":\"https:\\\/\\\/www.joseluisestevez.com\\\/?s={search_term_string}\"},\"query-input\":{\"@type\":\"PropertyValueSpecification\",\"valueRequired\":true,\"valueName\":\"search_term_string\"}}],\"inLanguage\":\"es\"}]}<\/script>\n<!-- \/ Yoast SEO plugin. -->","yoast_head_json":{"title":"Sobre mi - El Blog de Jose Luis Estevez","robots":{"index":"index","follow":"follow","max-snippet":"max-snippet:-1","max-image-preview":"max-image-preview:large","max-video-preview":"max-video-preview:-1"},"canonical":"https:\/\/www.joseluisestevez.com\/index.php\/sobre-mi\/","og_locale":"es_ES","og_type":"article","og_title":"Sobre mi - El Blog de Jose Luis Estevez","og_description":"Me llamo Jos\u00e9 Luis Est\u00e9vez Prieto, soy programador senior Venezolano, aunque actualmente vivo en Espa\u00f1a tambi\u00e9n he trabajado online como freelance compartiendo experiencias con otros programadores de diversas partes del mundo. Soy amante de las nuevas tecnolog\u00edas, autodidacta de nacimiento con una gran pasi\u00f3n a el desarrollo, as\u00ed me gano la vida. Tengo m\u00e1s de [&hellip;]","og_url":"https:\/\/www.joseluisestevez.com\/index.php\/sobre-mi\/","og_site_name":"El Blog de Jose Luis Estevez","article_modified_time":"2018-09-05T07:56:42+00:00","twitter_card":"summary_large_image","twitter_misc":{"Tiempo de lectura":"1 minuto"},"schema":{"@context":"https:\/\/schema.org","@graph":[{"@type":"WebPage","@id":"https:\/\/www.joseluisestevez.com\/index.php\/sobre-mi\/","url":"https:\/\/www.joseluisestevez.com\/index.php\/sobre-mi\/","name":"Sobre mi - El Blog de Jose Luis Estevez","isPartOf":{"@id":"https:\/\/www.joseluisestevez.com\/#website"},"datePublished":"2015-09-22T00:09:45+00:00","dateModified":"2018-09-05T07:56:42+00:00","breadcrumb":{"@id":"https:\/\/www.joseluisestevez.com\/index.php\/sobre-mi\/#breadcrumb"},"inLanguage":"es","potentialAction":[{"@type":"ReadAction","target":["https:\/\/www.joseluisestevez.com\/index.php\/sobre-mi\/"]}]},{"@type":"BreadcrumbList","@id":"https:\/\/www.joseluisestevez.com\/index.php\/sobre-mi\/#breadcrumb","itemListElement":[{"@type":"ListItem","position":1,"name":"Portada","item":"https:\/\/www.joseluisestevez.com\/"},{"@type":"ListItem","position":2,"name":"Sobre mi"}]},{"@type":"WebSite","@id":"https:\/\/www.joseluisestevez.com\/#website","url":"https:\/\/www.joseluisestevez.com\/","name":"El Blog de Jose Luis Estevez","description":"Desarrollador Senior","potentialAction":[{"@type":"SearchAction","target":{"@type":"EntryPoint","urlTemplate":"https:\/\/www.joseluisestevez.com\/?s={search_term_string}"},"query-input":{"@type":"PropertyValueSpecification","valueRequired":true,"valueName":"search_term_string"}}],"inLanguage":"es"}]}},"_links":{"self":[{"href":"https:\/\/www.joseluisestevez.com\/index.php\/wp-json\/wp\/v2\/pages\/2","targetHints":{"allow":["GET"]}}],"collection":[{"href":"https:\/\/www.joseluisestevez.com\/index.php\/wp-json\/wp\/v2\/pages"}],"about":[{"href":"https:\/\/www.joseluisestevez.com\/index.php\/wp-json\/wp\/v2\/types\/page"}],"author":[{"embeddable":true,"href":"https:\/\/www.joseluisestevez.com\/index.php\/wp-json\/wp\/v2\/users\/1"}],"replies":[{"embeddable":true,"href":"https:\/\/www.joseluisestevez.com\/index.php\/wp-json\/wp\/v2\/comments?post=2"}],"version-history":[{"count":6,"href":"https:\/\/www.joseluisestevez.com\/index.php\/wp-json\/wp\/v2\/pages\/2\/revisions"}],"predecessor-version":[{"id":687,"href":"https:\/\/www.joseluisestevez.com\/index.php\/wp-json\/wp\/v2\/pages\/2\/revisions\/687"}],"wp:attachment":[{"href":"https:\/\/www.joseluisestevez.com\/index.php\/wp-json\/wp\/v2\/media?parent=2"}],"curies":[{"name":"wp","href":"https:\/\/api.w.org\/{rel}","templated":true}]}}