{"id":28,"date":"2015-09-25T02:34:57","date_gmt":"2015-09-25T02:34:57","guid":{"rendered":"https:\/\/www.joseluisestevez.com\/?page_id=28"},"modified":"2018-09-05T07:41:43","modified_gmt":"2018-09-05T07:41:43","slug":"curriculum","status":"publish","type":"page","link":"https:\/\/www.joseluisestevez.com\/index.php\/curriculum\/","title":{"rendered":"Curriculum"},"content":{"rendered":"<h1>Introducci\u00f3n<\/h1>\n<p>Desarrollador web full-stack (Frontend y Backend) freelance con varios a\u00f1os de experiencia en desarrollo web.<\/p>\n<h1>Experiencia<\/h1>\n<h2><a href=\"http:\/\/birchmangroup.com\/\" target=\"_blank\" rel=\"noopener noreferrer\">Birchman Group<\/a><\/h2>\n<h3>Analista Programador<\/h3>\n<p><em>Madrid, Espa\u00f1a,<\/em><br \/>\nJunio\u00a02017 \u2013 Presente<\/p>\n<p>Birchman una compa\u00f1\u00eda internacional proveedora de servicios de tecnolog\u00edas de la informaci\u00f3n para numerosas compa\u00f1\u00edas a nivel mundial.<\/p>\n<p>Actualmente desarrollando una oficina virtual para la compa\u00f1\u00eda\u00a0<a href=\"https:\/\/www.leaseplan.es\/?lang=es\" target=\"_blank\" rel=\"noopener noreferrer\">LeasePlan<\/a><\/p>\n<p>Tecnolog\u00edas: Subversion,\u00a0Java WS, WebServices, AXIS2, JSF2, Primefaces, Spring, Hibernate, Websphere8, Eclipse, Maven, IBM DB2, PL\/SQL<\/p>\n<h2><a href=\"https:\/\/www.araguaneybits.com\/\" target=\"_blank\" rel=\"noopener noreferrer\">AraguaneyBits<\/a><\/h2>\n<h3>CoFundador programador full statck<\/h3>\n<p><em>Caracas, Venezuela,<\/em><br \/>\nNoviembre 2016 \u2013 Presente (Freelance)<\/p>\n<p>Araguaneybits es una empresa que impulsa la tecnolog\u00eda Blockchain. Contamos con varios productos para el impulso de las criptomonedas as\u00ed como desarrollos a la medida basados en blockchain.<\/p>\n<p>Somos colaboradores de la criptomoneda Onixcoin, con los desarrollos de la biblioteca <a href=\"https:\/\/github.com\/jestevez\/onixcoinj\" target=\"_blank\" rel=\"noopener\">onixcoinj<\/a>, y la billetera multiplataforma <a href=\"https:\/\/github.com\/jestevez\/onixcoinj-gui\" target=\"_blank\" rel=\"noopener\">onixcoinj-gui.<\/a><\/p>\n<p>Tecnolog\u00edas: J2EE Spring, Spring MVC, Spring JDBC, Spring Seccurity, Java Sockets, BitcoinJ, Bitcoin, Ethereum, GIT, GITHub, Jenkis, OAuth2, \u00a0Java WS, WebServices, Sockets, WebSockets, Restful, JSON, JSON RPC, AngularJS, JQuery, PL\/SQL, PostgreSQL, PgAdmin, Debian, Glassfish4, Netbeans, Maven, OTP,\u00a0Linux Shell Script<\/p>\n<h2>Wedo IT. IBM Subsidiary<\/h2>\n<h3>Programador PHP \/ PLSQL<\/h3>\n<p><em>Madrid, Espa\u00f1a.<\/em><br \/>\nAgosto\u00a02016 \u2013 Junio 2017<\/p>\n<p>En Wedo IT, mi\u00a0trabajo principal ha sido con PHP,\u00a0Laravel y PL\/SQL en DB2 IBM<\/p>\n<p>Tecnolog\u00edas: PHP5.6, Laravel 5.3, IBM DB2 10.5, IBM DataStudio, Netbeans, Linux, ShellScript, Git, CVS<\/p>\n<h2><a href=\"https:\/\/www.predimaniabits.com\/\" target=\"_blank\" rel=\"noopener noreferrer\">Soluciones Tricore C.A<\/a><\/h2>\n<h3>Director de Productos\u00a0y CoFundador<\/h3>\n<p><em>Caracas, Venezuela.<\/em><br \/>\nEnero\u00a02015 \u2013 Presente\u00a0(Freelance)<br \/>\nEn Soluciones Tricore C.A, mi trabajo ha sido el desarrollo de soluciones\u00a0Web y\u00a0M\u00f3vil, actualmente estamos dedicados al desarrollo del Sistema de Apuestas Predimania.<\/p>\n<p>Tecnolog\u00edas: J2EE Spring, Spring MVC, Spring JDBC, Subversion, Jenkis, OAuth2, WebServices, Restful, JSON, AngularJS, \u00a0JQuery, PL\/SQL, PostgreSQL, PgAdmin, Debian, Glassfish4, Netbeans, Maven, Oracle, PHP5, Api de Facebook, Centos6.5, Android Studio, Lenguaje C, GDB, VIM Java JNI,\u00a0Linux Shell Script, API Facebook<\/p>\n<h2><a href=\"http:\/\/www.saime.gob.ve\" target=\"_blank\" rel=\"noopener noreferrer\">SAIME<\/a><\/h2>\n<h3>Programador Senior<\/h3>\n<p><em>Caracas, Venezuela.<\/em><br \/>\nEnero\u00a02015 \u2013 Mayo 2016\u00a0(Freelance)<\/p>\n<p>En este cliente\u00a0desarrolle varios sistemas con varias tecnolog\u00edas usando el AFIS para hacer identificaci\u00f3n biometrica, Oracle entre otros.<\/p>\n<p>Tecnolog\u00edas: J2EE Spring, Spring MVC, Spring JDBC, Subversion, Jenkis, OAuth2, WebServices, Restful, JSON, AngularJS, \u00a0JQuery, PL\/SQL, PostgreSQL, PgAdmin, Debian, Glassfish4, Netbeans, Maven, Oracle, PHP5, Api de Facebook, Centos6.5, Android Studio, Lenguaje C, GDB, VIM Java JNI,\u00a0Linux Shell Script<\/p>\n<h2><a href=\"http:\/\/www.nuving.com\/\" target=\"_blank\" rel=\"noopener noreferrer\">Nuving<\/a><\/h2>\n<h3>Programador Senior<\/h3>\n<p><em>Madrid, Espa\u00f1a.<\/em><br \/>\nNoviembre\u00a0del 2015 \u2013 Noviembre\u00a0del 2016\u00a0(Freelance)<\/p>\n<p>Cliente Hablemos de Negocio, desarrollo de un plugins de WordPress Realia usando el modulo virtual de pago TPV de Santander Elavon.<\/p>\n<p>Tecnolog\u00edas: PHP5, SOAP, WebServices, GitHub, Netbeans, Mysql, Linux, WordPress, JQuery<\/p>\n<p>Cliente NETPOL\u00a0Mexico, desarrollo de un sistema geogr\u00e1fico para el levantamiento de hechos delictivos .<\/p>\n<p>Tecnolog\u00edas: JSF, PrimeFaces, Java, J2EE, SOAP, WebServices, Open Layers 3, Subversion, PostgreSQL 9, Postgis 2, PgAdmin 3, Linux Centos 6.5, Eclipse, HTML 5, CSS3, Bootstrap, GeoServer, Mapserver<\/p>\n<h2><a href=\"http:\/\/sitven.com\/\" target=\"_blank\" rel=\"noopener noreferrer\">SITVEN<\/a><\/h2>\n<h3>Programador Senior<\/h3>\n<p><em>Caracas, Venezuela<\/em><br \/>\nEnero del 2014\u2013Agosto 2014\u00a0(Freelance)<\/p>\n<p>En Sitven trabaj\u00e9 con el cliente Banco de Venezuela realizando la migracion del internet banking de .NET a Java<\/p>\n<p>Tecnolog\u00edas: J2EE, Subversion, Continuum, SOAP, WebServices, Restful, JSON, JQuery, PL\/SQL, Oracle, \u00a0Debian, Weblogic, Tomcat, Netbeans, Maven, PHP5, Linux Shell Script<\/p>\n<h2><a href=\"http:\/\/www.bybeeconcept.com\/\" target=\"_blank\" rel=\"noopener noreferrer\">BeeConcept<\/a><\/h2>\n<h3>Programador Senior<\/h3>\n<p><em>Caracas, Venezuela<\/em><br \/>\nAbril del 2012 \u2013 Marzo\u00a02014\u00a0(Freelance)<\/p>\n<p>En BeeConcept antigua NovaTecnologica continu\u00e9 trabajando ahora usando Java y otras tecnolog\u00edas y varios clientes y varias tecnolog\u00edas.<\/p>\n<p>ProtegeTuViaje.com con este cliente desarrolle el portal web con un cotizador en linea con opci\u00f3n de compra usando m\u00e9todos de pago implementado en varios pa\u00edses, Adem\u00e1s del Api Restful para los clientes moviles.<\/p>\n<p>Tecnolog\u00edas: Java, Lenguaje C, Linux Shell Script, Subversion, SOAP, WebServices, Restful, JSON, JQuery, PL\/SQL, Mysql, \u00a0Centos, Apache, Netbeans, PHP5, Symfony 1.4<\/p>\n<p>Banesco con este cliente tuve la oportunidad de desarrollar varias aplicaciones en Java y Blackberry.<\/p>\n<p>Tecnolog\u00edas: J2EE Spring, Spring MVC, Spring JDBC, Spring Security, Java Sockets, Subversion, Jenkis, OAuth2, \u00a0Java WS, WebServices, Restful, JSON, JQuery, PL\/SQL, Mysql, Mysql Workbench, Debian, JBoss 6, Netbeans, Maven, Linux Shell Script, Blackberry, API Facebook<\/p>\n<h2><a href=\"http:\/\/etrustsistemas.com\/\" target=\"_blank\" rel=\"noopener noreferrer\">E-TRUST<\/a><\/h2>\n<h3>Programador Senior<\/h3>\n<p><em>Caracas, Venezuela<\/em><br \/>\nAgosto del 2013 \u2013 Octuber\u00a02014\u00a0(Freelance)<\/p>\n<p>Implantaci\u00f3n de una interfaz Web usando J2EE de\u00a0un sistema de Tesorer\u00eda cuyo core estaba desarrollado RPG sobre\u00a0AS400.<\/p>\n<p>Tecnolog\u00edas: J2EE,Spring, Spring MVC, Spring JDBC, Spring Security, Java Sockets, Subversion, OAuth2, WebServices, Restful, \u00a0SOAP, JSON, JQuery, PL\/SQL, Debian, IBM DB2, WAS, WAD, Eclipse, IBM DataStudio, Netbeans, Maven, RPG Free, RPG 3, Lenguaje C, Linux Shell Script.<\/p>\n<h2>Nova Tecnol\u00f3gica<\/h2>\n<h3>Programador Senior<\/h3>\n<p><em>Caracas, Venezuela<\/em><br \/>\nAgosto\u00a0del 2011\u00a0\u2013Abril\u00a02012 (Freelance)<\/p>\n<p>Desarrollo de aplicaciones de usando el API de Facebook, PHP, Symfony, MySQL<\/p>\n<p>Tecnolog\u00edas: JQuery, Mysql, Mysql Workbench, Apache, Netbeans, Linux Shell Script<\/p>\n<h2><a href=\"http:\/\/www.bav.com.ve\/\" target=\"_blank\" rel=\"noopener noreferrer\">Banco Agr\u00edcola de Venezuela<\/a><\/h2>\n<h3>Especialista III<\/h3>\n<p><em>Caracas, Venezuela<\/em><br \/>\nAgosto del 2010 \u2013 Enero 2015<\/p>\n<p>Experiencia en Banca haciendo el mantenimiento del Sistema Bancario E-IBS y DIBS desarrollados por Data Pro desarrollando m\u00f3dulos en Java y RPG en AS400.<\/p>\n<p>Modificaci\u00f3n del Internet Banking, Tarjetas de coordenadas y transferencias a otros bancos. Desarrollo de varias soluciones usando PHP, Java y\u00a0Perl<\/p>\n<p>Tecnolog\u00edas: J2EE, Subversion, OAuth2, WebServices, Restful, JSON, JQuery, PL\/SQL, PostgreSQL, PgAdmin, Debian, MySQL \u00a0IBM DB2, Glassfish3, WAS, WAD, Tomcat, Eclipse, IBM DataStudio, Netbeans, Maven, PHP5, Python, RPG Free, RPG 3, Lenguaje C, Linux Shell Script, Pentaho, SQL Server<\/p>\n<h2><a href=\"http:\/\/www.alodiga.com\" target=\"_blank\" rel=\"noopener noreferrer\">Interaxmedia C.A \/ Alodiga C.A<\/a><\/h2>\n<h3>Senior Developer<\/h3>\n<p><em>Caracas, Venezuela.<\/em><br \/>\nAbril del 2010 \u2013 Agosto del 2010<\/p>\n<p>En Interaxmedia, trabaje directamente al cliente Alodiga.com\u00a0antigua 123.com.ve donde tuve la oportunidad de continuar\u00a0con el desarrollo de una plataforma de billing de llamadas telef\u00f3nicas usando varias centrales\u00a0telef\u00f3nicas tales como Asterik,\u00a0Nextone, Cisco As5400 entre otros<\/p>\n<p>Tecnolog\u00edas: Perl, J2EE, Strusts 1.2, JPA, EJB3, SOAP WebServices, JQuery, Debian, MySQL, Glassfish3, Tomcat, Eclipse, CVS, Netbeans, PHP5, Linux Shell Script, Asterisk, Pentaho<\/p>\n<h2>Fundaci\u00f3n\u00a0INDESOFT<\/h2>\n<h3>Programador Senior<\/h3>\n<p><em>Caracas, Venezuela.<\/em><br \/>\nJulio del 2011 \u2013\u00a0Actualidad<\/p>\n<p>La fundaci\u00f3n indesoft he desarrollado varias contribuciones en la comunidad de software libre, dictando charlas sobre el uso de sistemas operativos basados en Linux, lenguajes de programaci\u00f3n del software libre, empaquetado debian.<\/p>\n<p>SIGINFOCENTRO: Desarrollo de un sistema de informaci\u00f3n geogr\u00e1fico\u00a0para el levantamiento de puntos.<\/p>\n<p><a href=\"http:\/\/forja.softwarelibre.gob.ve\/projects\/siginfocentro\/\" target=\"_blank\" rel=\"noopener noreferrer\">http:\/\/forja.softwarelibre.gob.ve\/projects\/siginfocentro\/<\/a><\/p>\n<p>Canaima Comunal: Sistema operativo basado en Canaima Gnu\/Linux orientado a\u00a0satisfacer las necesidades de los Consejos Comunales en materia tecnol\u00f3gica que los ayude a mejorar sus procesos de organizaci\u00f3n.<\/p>\n<p><a href=\"http:\/\/wiki.canaima.softwarelibre.gob.ve\/index.php\/Canaima_Comunal\" target=\"_blank\" rel=\"noopener noreferrer\">http:\/\/wiki.canaima.softwarelibre.gob.ve\/index.php\/Canaima_Comunal<\/a><\/p>\n<p>Tecnolog\u00edas: Perl, PHP, Linux, Shell Script, Symfony 1.4, SOAP WebServices, JQuery, Debian, MySQL, PostgreSQL, Apache, Netbeans, Java Script, Jquery, Open Layers, Mapserver, GeoServer.<\/p>\n<h2><a href=\"http:\/\/www.ciara.gob.ve\/\" target=\"_blank\" rel=\"noopener noreferrer\">Fundaci\u00f3n Ciara<\/a><\/h2>\n<h3>Coordinador de Sistemas<\/h3>\n<p><em>Caracas, Venezuela.<\/em><br \/>\nMayo del 2009 \u2013 Marzo del 2010<\/p>\n<p>En este empleo tuve la\u00a0responsabilidad de trabajar como coordinador de desarrollo de sistemas, teniendo a mi cargo un equipo de 6 programadores.<\/p>\n<p>Tecnolog\u00edas: PHP5, Linux Shell Script, Symfony 1.4, SOAP WebServices, JQuery, Debian, MySQL, PostgreSQL, Apache, Netbeans.<\/p>\n<h2><a href=\"http:\/\/www.alodiga.com.ve:\" target=\"_blank\" rel=\"noopener noreferrer\">123.com.ve C.A<\/a><\/h2>\n<h3>Senior Developer<\/h3>\n<p><em>Caracas, Venezuela.<\/em><\/p>\n<p>Mayo del 2007- Mayo del 2009<\/p>\n<p>En 123.com.ve antes llamada Entel Venezuela me encargue de \u00a0crear el CORE integrando centrales telef\u00f3nicas para hacer la facturaci\u00f3n de las llamadas internacionales<\/p>\n<p>Tecnolog\u00edas: Perl, Java, Struts 1.2, JPA, JDBC, EJB3 Linux Shell Script, SOAP WebServices, Glassfish2, Debian, MySQL, PostgreSQL, Eclipse.<\/p>\n<h2><a href=\"http:\/\/www.mat.gob.ve\/\" target=\"_blank\" rel=\"noopener noreferrer\">Ministerio del Poder Popular para la Agricultura y Tierras<\/a><\/h2>\n<h3>Analista de Sistemas<\/h3>\n<p>Mayo del 2005 &#8211; Mayo del 2007<\/p>\n<p>En el ministerio de agricultura y tierras realice varios proyectos basados en Software Libre.<\/p>\n<p>Tecnolog\u00edas Java, J2EE, JDBC, Linux Shell Script, SOAP WebServices, Tomcat, Debian, PostgreSQL, Eclipse, Perl, Linux Shell.<\/p>\n<h2>RMG &#8211; Soluciones<\/h2>\n<h3>Programador Junior<\/h3>\n<p>Diciembre\u00a0del 2004 &#8211; Mayo del 2005<\/p>\n<p>Desarrollo de paginas web en PHP y Mysql.<\/p>\n<p>Tecnolog\u00edas PHP, MySQL, Debian,\u00a0RedHat 7, Eclipse.<\/p>\n<p>&nbsp;<\/p>\n<h1>Cursos Realizados<\/h1>\n<h2>Bitcoin, la moneda virtual<\/h2>\n<p><em>Instituto de Econom\u00eda Internacional \/\u00a0Plataforma de cursos para emprender<\/em><\/p>\n<p><a href=\"https:\/\/backpack.openbadges.org\/share\/8e445ba7ec7c827351e86569b04b2dfc\/\" target=\"_blank\" rel=\"noopener noreferrer\">Insignias Obtenidas<\/a><\/p>\n<h2>Curso de Programaci\u00f3n de Apps M\u00f3viles<\/h2>\n<p><em>Universidad Complutense Madrid &#8211; Iniciatica Activate con\u00a0Google<\/em><\/p>\n<p><a href=\"https:\/\/beta.openbadges.org\/share\/aae7bf8bca5c8fc67dd68eb62f0f0b08\/\" target=\"_blank\" rel=\"noopener noreferrer\">Insignias Obtenidas<\/a><\/p>\n<h2>Programa de Capacitaci\u00f3n para el desarrollo de Aplicaciones E-Business.<\/h2>\n<p><em>Instituci\u00f3n: IBM de Venezuela y I.U.T Regi\u00f3n Capital. \u201cDr. Federico Rivero Palacio\u201d<\/em><\/p>\n<p class=\"western\"><span style=\"font-family: Verdana, sans-serif;\"><span style=\"font-size: small;\"><i><b>Titulo Obtenido: <\/b><\/i>Desarrollador de Aplicaciones Empresariales.<\/span><\/span><\/p>\n<h2>Programa de Capacitaci\u00f3n para el desarrollo de Aplicaciones E-Business.<\/h2>\n<p><em>IBM de Venezuela y MCT<\/em><\/p>\n<p class=\"western\"><span style=\"font-family: Verdana, sans-serif;\"><span style=\"font-size: small;\"><i><b>Titulo Obtenido:<\/b><\/i> Dise\u00f1ador de Sitios Web.<\/span><\/span><\/p>\n<h2>Pentaho Building Analitic Solutions.<\/h2>\n<p><em>Matrix.<\/em><\/p>\n<p class=\"western\"><span style=\"font-family: Verdana, sans-serif;\"><span style=\"font-size: small;\"><i><b>Titulo Obtenido:<\/b><\/i>\u00a0Conocimientos en inteligencia de negocio y la herramienta Pentaho<\/span><\/span><\/p>\n<h2>Taller funcional del Software Compiere ERP.<\/h2>\n<p><em>Avanted.<\/em><\/p>\n<p class=\"western\"><span style=\"font-family: Verdana, sans-serif;\"><span style=\"font-size: small;\"><i><b>Titulo Obtenido:<\/b><\/i>\u00a0Operador del sistema Compiere ERP<\/span><\/span><\/p>\n<h2>Taller t\u00e9cnico del Software Compiere ERP.<\/h2>\n<p><em>Avanted.<\/em><\/p>\n<p class=\"western\"><span style=\"font-family: Verdana, sans-serif;\"><span style=\"font-size: small;\"><i><b>Titulo Obtenido:<\/b><\/i>\u00a0Desarrollado del sistema Compiere ERP<\/span><\/span><\/p>\n<h2>Taller de Voip Asterisk.<\/h2>\n<p><em>ISEIT.<\/em><\/p>\n<p class=\"western\"><span style=\"font-family: Verdana, sans-serif;\"><span style=\"font-size: small;\"><i><b>Titulo Obtenido:<\/b><\/i>\u00a0Instador del sistema Asterik<\/span><\/span><\/p>\n<h2>Cisco Networking Academy<\/h2>\n<p><em>Colegio Universitario Fermin Toro<\/em><\/p>\n<p>&nbsp;<\/p>\n<h1>Certificaciones:<\/h1>\n<p>Septiembre del 2007 &#8211; <em>Sun Certified Programmer for the Java 2 Plataform Standard Edition 5.0<\/em><\/p>\n<p>Agosto del 2006 \u2013 <em>IBM ACE Professional Certificate \u201cWeb Master Design\u201d<\/em><\/p>\n<p>Febrero del 2004 \u2013 <em>IBM ACE Professional Certificate \u201cApplication Developer Programmer\u201d<\/em><\/p>\n<p>&nbsp;<\/p>\n<h1>Conocimientos:<\/h1>\n<p><strong>Sistemas operativos basado en Linux<\/strong><\/p>\n<p>Debian, Ubuntu, Canaima, Centos y\u00a0RedHat.<\/p>\n<p>Nivel\u00a0Avanzado<\/p>\n<p>Administraci\u00f3n de servicios instalaci\u00f3n y configuraci\u00f3n.<\/p>\n<p><strong>Sistemas operativos OS400<\/strong><\/p>\n<p>Nivel B\u00e1sico<\/p>\n<p>Desarrollo RPG, compilar, depurar y ejecutar.<\/p>\n<p><strong>Lenguajes de Programaci\u00f3n:<\/strong><\/p>\n<p>Nivel avanzado<\/p>\n<p>JAVA, PHP, RUBY, PERL, C, C++, NODEJS, HTML5, JavaScript, CSS, XML, SQL, UML, RPG.<\/p>\n<p><strong>Base de Datos:<\/strong><\/p>\n<p>Nivel avanzado, desarrollador PLSQL<\/p>\n<p>IBM DB2, Oracle, Postgresql, Mysql, SQL Server, SQLlite, desarrollo de trigger y store procedures.<\/p>\n<p><strong>IDE<\/strong><\/p>\n<p>Eclipse, NetBeans, IReport, Pentaho, Kettle, Mondrian, Rational Rose, Webphere Aplication Developer, Android Studio, Visual Studio, IntelligenJ, IBM DataStudio, Oracle SQL Developer, Oracle Dara Workbench, PgAdmin, MySQL Workbench, Aqua DataStudio<\/p>\n<p><strong>Framework de programaci\u00f3n<\/strong><\/p>\n<p>Symfony, Yii, Cake, Laravel, Struts, JPA, Spring, Hibernate, JPA, Jquery, AngularJS, OpenLayer<\/p>\n<p><strong>Sistemas de informaci\u00f3n Geogr\u00e1ficas:<\/strong><\/p>\n<p>Quatum Gis, Kosmos, GvSig, Mapserver, GeoServer.<\/p>\n<p><strong>Configuraci\u00f3n de\u00a0centrales telef\u00f3nicas basadas en Asterisk.<\/strong><\/p>\n<p>&nbsp;<\/p>\n<p>&nbsp;<\/p>\n","protected":false},"excerpt":{"rendered":"<p>Introducci\u00f3n Desarrollador web full-stack (Frontend y Backend) freelance con varios a\u00f1os de experiencia en desarrollo web. Experiencia Birchman Group Analista Programador Madrid, Espa\u00f1a, Junio\u00a02017 \u2013 Presente Birchman una compa\u00f1\u00eda internacional proveedora de servicios de tecnolog\u00edas de la informaci\u00f3n para numerosas compa\u00f1\u00edas a nivel mundial. Actualmente desarrollando una oficina virtual para la compa\u00f1\u00eda\u00a0LeasePlan Tecnolog\u00edas: Subversion,\u00a0Java WS, [&hellip;]<\/p>\n","protected":false},"author":1,"featured_media":0,"parent":0,"menu_order":0,"comment_status":"closed","ping_status":"closed","template":"","meta":{"footnotes":""},"class_list":["post-28","page","type-page","status-publish","hentry"],"yoast_head":"<!-- This site is optimized with the Yoast SEO plugin v27.5 - https:\/\/yoast.com\/product\/yoast-seo-wordpress\/ -->\n<title>Curriculum - El Blog de Jose Luis Estevez<\/title>\n<meta name=\"robots\" content=\"index, follow, max-snippet:-1, max-image-preview:large, max-video-preview:-1\" \/>\n<link rel=\"canonical\" href=\"https:\/\/www.joseluisestevez.com\/index.php\/curriculum\/\" \/>\n<meta property=\"og:locale\" content=\"es_ES\" \/>\n<meta property=\"og:type\" content=\"article\" \/>\n<meta property=\"og:title\" content=\"Curriculum - El Blog de Jose Luis Estevez\" \/>\n<meta property=\"og:description\" content=\"Introducci\u00f3n Desarrollador web full-stack (Frontend y Backend) freelance con varios a\u00f1os de experiencia en desarrollo web. Experiencia Birchman Group Analista Programador Madrid, Espa\u00f1a, Junio\u00a02017 \u2013 Presente Birchman una compa\u00f1\u00eda internacional proveedora de servicios de tecnolog\u00edas de la informaci\u00f3n para numerosas compa\u00f1\u00edas a nivel mundial. Actualmente desarrollando una oficina virtual para la compa\u00f1\u00eda\u00a0LeasePlan Tecnolog\u00edas: Subversion,\u00a0Java WS, [&hellip;]\" \/>\n<meta property=\"og:url\" content=\"https:\/\/www.joseluisestevez.com\/index.php\/curriculum\/\" \/>\n<meta property=\"og:site_name\" content=\"El Blog de Jose Luis Estevez\" \/>\n<meta property=\"article:modified_time\" content=\"2018-09-05T07:41:43+00:00\" \/>\n<meta name=\"twitter:card\" content=\"summary_large_image\" \/>\n<meta name=\"twitter:label1\" content=\"Tiempo de lectura\" \/>\n\t<meta name=\"twitter:data1\" content=\"8 minutos\" \/>\n<script type=\"application\/ld+json\" class=\"yoast-schema-graph\">{\"@context\":\"https:\\\/\\\/schema.org\",\"@graph\":[{\"@type\":\"WebPage\",\"@id\":\"https:\\\/\\\/www.joseluisestevez.com\\\/index.php\\\/curriculum\\\/\",\"url\":\"https:\\\/\\\/www.joseluisestevez.com\\\/index.php\\\/curriculum\\\/\",\"name\":\"Curriculum - El Blog de Jose Luis Estevez\",\"isPartOf\":{\"@id\":\"https:\\\/\\\/www.joseluisestevez.com\\\/#website\"},\"datePublished\":\"2015-09-25T02:34:57+00:00\",\"dateModified\":\"2018-09-05T07:41:43+00:00\",\"breadcrumb\":{\"@id\":\"https:\\\/\\\/www.joseluisestevez.com\\\/index.php\\\/curriculum\\\/#breadcrumb\"},\"inLanguage\":\"es\",\"potentialAction\":[{\"@type\":\"ReadAction\",\"target\":[\"https:\\\/\\\/www.joseluisestevez.com\\\/index.php\\\/curriculum\\\/\"]}]},{\"@type\":\"BreadcrumbList\",\"@id\":\"https:\\\/\\\/www.joseluisestevez.com\\\/index.php\\\/curriculum\\\/#breadcrumb\",\"itemListElement\":[{\"@type\":\"ListItem\",\"position\":1,\"name\":\"Portada\",\"item\":\"https:\\\/\\\/www.joseluisestevez.com\\\/\"},{\"@type\":\"ListItem\",\"position\":2,\"name\":\"Curriculum\"}]},{\"@type\":\"WebSite\",\"@id\":\"https:\\\/\\\/www.joseluisestevez.com\\\/#website\",\"url\":\"https:\\\/\\\/www.joseluisestevez.com\\\/\",\"name\":\"El Blog de Jose Luis Estevez\",\"description\":\"Desarrollador Senior\",\"potentialAction\":[{\"@type\":\"SearchAction\",\"target\":{\"@type\":\"EntryPoint\",\"urlTemplate\":\"https:\\\/\\\/www.joseluisestevez.com\\\/?s={search_term_string}\"},\"query-input\":{\"@type\":\"PropertyValueSpecification\",\"valueRequired\":true,\"valueName\":\"search_term_string\"}}],\"inLanguage\":\"es\"}]}<\/script>\n<!-- \/ Yoast SEO plugin. -->","yoast_head_json":{"title":"Curriculum - El Blog de Jose Luis Estevez","robots":{"index":"index","follow":"follow","max-snippet":"max-snippet:-1","max-image-preview":"max-image-preview:large","max-video-preview":"max-video-preview:-1"},"canonical":"https:\/\/www.joseluisestevez.com\/index.php\/curriculum\/","og_locale":"es_ES","og_type":"article","og_title":"Curriculum - El Blog de Jose Luis Estevez","og_description":"Introducci\u00f3n Desarrollador web full-stack (Frontend y Backend) freelance con varios a\u00f1os de experiencia en desarrollo web. Experiencia Birchman Group Analista Programador Madrid, Espa\u00f1a, Junio\u00a02017 \u2013 Presente Birchman una compa\u00f1\u00eda internacional proveedora de servicios de tecnolog\u00edas de la informaci\u00f3n para numerosas compa\u00f1\u00edas a nivel mundial. Actualmente desarrollando una oficina virtual para la compa\u00f1\u00eda\u00a0LeasePlan Tecnolog\u00edas: Subversion,\u00a0Java WS, [&hellip;]","og_url":"https:\/\/www.joseluisestevez.com\/index.php\/curriculum\/","og_site_name":"El Blog de Jose Luis Estevez","article_modified_time":"2018-09-05T07:41:43+00:00","twitter_card":"summary_large_image","twitter_misc":{"Tiempo de lectura":"8 minutos"},"schema":{"@context":"https:\/\/schema.org","@graph":[{"@type":"WebPage","@id":"https:\/\/www.joseluisestevez.com\/index.php\/curriculum\/","url":"https:\/\/www.joseluisestevez.com\/index.php\/curriculum\/","name":"Curriculum - El Blog de Jose Luis Estevez","isPartOf":{"@id":"https:\/\/www.joseluisestevez.com\/#website"},"datePublished":"2015-09-25T02:34:57+00:00","dateModified":"2018-09-05T07:41:43+00:00","breadcrumb":{"@id":"https:\/\/www.joseluisestevez.com\/index.php\/curriculum\/#breadcrumb"},"inLanguage":"es","potentialAction":[{"@type":"ReadAction","target":["https:\/\/www.joseluisestevez.com\/index.php\/curriculum\/"]}]},{"@type":"BreadcrumbList","@id":"https:\/\/www.joseluisestevez.com\/index.php\/curriculum\/#breadcrumb","itemListElement":[{"@type":"ListItem","position":1,"name":"Portada","item":"https:\/\/www.joseluisestevez.com\/"},{"@type":"ListItem","position":2,"name":"Curriculum"}]},{"@type":"WebSite","@id":"https:\/\/www.joseluisestevez.com\/#website","url":"https:\/\/www.joseluisestevez.com\/","name":"El Blog de Jose Luis Estevez","description":"Desarrollador Senior","potentialAction":[{"@type":"SearchAction","target":{"@type":"EntryPoint","urlTemplate":"https:\/\/www.joseluisestevez.com\/?s={search_term_string}"},"query-input":{"@type":"PropertyValueSpecification","valueRequired":true,"valueName":"search_term_string"}}],"inLanguage":"es"}]}},"_links":{"self":[{"href":"https:\/\/www.joseluisestevez.com\/index.php\/wp-json\/wp\/v2\/pages\/28","targetHints":{"allow":["GET"]}}],"collection":[{"href":"https:\/\/www.joseluisestevez.com\/index.php\/wp-json\/wp\/v2\/pages"}],"about":[{"href":"https:\/\/www.joseluisestevez.com\/index.php\/wp-json\/wp\/v2\/types\/page"}],"author":[{"embeddable":true,"href":"https:\/\/www.joseluisestevez.com\/index.php\/wp-json\/wp\/v2\/users\/1"}],"replies":[{"embeddable":true,"href":"https:\/\/www.joseluisestevez.com\/index.php\/wp-json\/wp\/v2\/comments?post=28"}],"version-history":[{"count":37,"href":"https:\/\/www.joseluisestevez.com\/index.php\/wp-json\/wp\/v2\/pages\/28\/revisions"}],"predecessor-version":[{"id":686,"href":"https:\/\/www.joseluisestevez.com\/index.php\/wp-json\/wp\/v2\/pages\/28\/revisions\/686"}],"wp:attachment":[{"href":"https:\/\/www.joseluisestevez.com\/index.php\/wp-json\/wp\/v2\/media?parent=28"}],"curies":[{"name":"wp","href":"https:\/\/api.w.org\/{rel}","templated":true}]}}